{"id":2948,"date":"2026-02-27T16:09:02","date_gmt":"2026-02-27T13:09:02","guid":{"rendered":"https:\/\/pacotesestadosunidos.com\/?page_id=2948"},"modified":"2026-03-03T23:13:07","modified_gmt":"2026-03-03T20:13:07","slug":"about-us","status":"publish","type":"page","link":"https:\/\/pacotesestadosunidos.com\/pt\/about-us\/","title":{"rendered":"Sobre n\u00f3s"},"content":{"rendered":"<h3 class=\"wp-block-heading\">Sobre n\u00f3s<\/h3>\n\n\n\n<div style=\"height:18px\" aria-hidden=\"true\" class=\"wp-block-spacer\"><\/div>\n\n\n\n<figure class=\"wp-block-image size-large is-resized\"><img loading=\"lazy\" decoding=\"async\" width=\"1024\" height=\"768\" src=\"https:\/\/pacotesestadosunidos.com\/wp-content\/uploads\/2026\/02\/d4ac89f2-d7ca-4a26-9219-03b888a615e4-1024x768.jpg\" alt=\"\" class=\"wp-image-2949\" style=\"width:553px;height:auto\" srcset=\"https:\/\/pacotesestadosunidos.com\/wp-content\/uploads\/2026\/02\/d4ac89f2-d7ca-4a26-9219-03b888a615e4-1024x768.jpg 1024w, https:\/\/pacotesestadosunidos.com\/wp-content\/uploads\/2026\/02\/d4ac89f2-d7ca-4a26-9219-03b888a615e4-300x225.jpg 300w, https:\/\/pacotesestadosunidos.com\/wp-content\/uploads\/2026\/02\/d4ac89f2-d7ca-4a26-9219-03b888a615e4-768x576.jpg 768w, https:\/\/pacotesestadosunidos.com\/wp-content\/uploads\/2026\/02\/d4ac89f2-d7ca-4a26-9219-03b888a615e4-1536x1152.jpg 1536w, https:\/\/pacotesestadosunidos.com\/wp-content\/uploads\/2026\/02\/d4ac89f2-d7ca-4a26-9219-03b888a615e4-16x12.jpg 16w, https:\/\/pacotesestadosunidos.com\/wp-content\/uploads\/2026\/02\/d4ac89f2-d7ca-4a26-9219-03b888a615e4.jpg 1600w\" sizes=\"auto, (max-width: 1024px) 100vw, 1024px\" \/><\/figure>\n\n\n\n<div style=\"height:7px\" aria-hidden=\"true\" class=\"wp-block-spacer\"><\/div>\n\n\n\n<p>A Buongiorno Travel foi fundada em 2018 por Arturo Sule nos Estados Unidos, ap\u00f3s 30 anos de experi\u00eancia como guia tur\u00edstico em todo o mundo. A ideia surgiu de uma conversa casual entre amigos e, desde ent\u00e3o, a empresa se tornou uma ag\u00eancia de viagens de sucesso, levando seus clientes a destinos em todo o mundo e garantindo sua satisfa\u00e7\u00e3o. Al\u00e9m disso, Arturo Sule, casado desde 2012 e pai de uma filha nascida em 2013, tamb\u00e9m estabeleceu uma forte presen\u00e7a no mercado brasileiro com sua marca Pacotes Estados Unidos, criando pacotes tur\u00edsticos para os Estados Unidos a pedido de sua esposa brasileira.<\/p>","protected":false},"excerpt":{"rendered":"<p>About Us Buongiorno Travel was founded in 2018 by Arturo Sule in the United States, after 30 years of experience as a tour guide around the world. The idea arose from a casual conversation among friends, and the company has since become a successful travel agency, taking its guests to destinations worldwide and ensuring their [&hellip;]<\/p>\n","protected":false},"author":1,"featured_media":0,"parent":0,"menu_order":0,"comment_status":"closed","ping_status":"closed","template":"","meta":{"footnotes":""},"class_list":["post-2948","page","type-page","status-publish","hentry"],"_links":{"self":[{"href":"https:\/\/pacotesestadosunidos.com\/pt\/wp-json\/wp\/v2\/pages\/2948","targetHints":{"allow":["GET"]}}],"collection":[{"href":"https:\/\/pacotesestadosunidos.com\/pt\/wp-json\/wp\/v2\/pages"}],"about":[{"href":"https:\/\/pacotesestadosunidos.com\/pt\/wp-json\/wp\/v2\/types\/page"}],"author":[{"embeddable":true,"href":"https:\/\/pacotesestadosunidos.com\/pt\/wp-json\/wp\/v2\/users\/1"}],"replies":[{"embeddable":true,"href":"https:\/\/pacotesestadosunidos.com\/pt\/wp-json\/wp\/v2\/comments?post=2948"}],"version-history":[{"count":10,"href":"https:\/\/pacotesestadosunidos.com\/pt\/wp-json\/wp\/v2\/pages\/2948\/revisions"}],"predecessor-version":[{"id":2973,"href":"https:\/\/pacotesestadosunidos.com\/pt\/wp-json\/wp\/v2\/pages\/2948\/revisions\/2973"}],"wp:attachment":[{"href":"https:\/\/pacotesestadosunidos.com\/pt\/wp-json\/wp\/v2\/media?parent=2948"}],"curies":[{"name":"wp","href":"https:\/\/api.w.org\/{rel}","templated":true}]}}